{"id":319,"date":"2023-02-02T09:53:52","date_gmt":"2023-02-02T09:53:52","guid":{"rendered":"https:\/\/circusmaximushome.it\/\/home\/"},"modified":"2024-05-30T11:42:54","modified_gmt":"2024-05-30T11:42:54","slug":"home","status":"publish","type":"page","link":"https:\/\/circusmaximushome.it\/fr\/","title":{"rendered":"Home"},"content":{"rendered":"<section class=\"wpb-content-wrapper\"><p>[vc_row][vc_column]\n\t\t\t<!-- START home FR REVOLUTION SLIDER 6.6.8 --><p class=\"rs-p-wp-fix\"><\/p>\n\t\t\t<rs-module-wrap id=\"rev_slider_4_1_wrapper\" data-source=\"gallery\" style=\"visibility:hidden;background:transparent;padding:0;margin:0px auto;margin-top:0;margin-bottom:0;\">\n\t\t\t\t<rs-module id=\"rev_slider_4_1\" style=\"\" data-version=\"6.6.8\">\n\t\t\t\t\t<rs-slides style=\"overflow: hidden; position: absolute;\">\n\t\t\t\t\t\t<rs-slide style=\"position: absolute;\" data-key=\"rs-6\" data-title=\"Slide\" data-in=\"o:0;\" data-out=\"a:false;\">\n\t\t\t\t\t\t\t<img decoding=\"async\" src=\"\/\/circusmaximushome.it\/wp-content\/plugins\/revslider\/public\/assets\/assets\/dummy.png\" alt=\"\" title=\"s1\" width=\"2000\" height=\"1333\" class=\"rev-slidebg tp-rs-img rs-lazyload\" data-lazyload=\"\/\/circusmaximushome.it\/wp-content\/uploads\/2024\/04\/s1.jpg\" data-bg=\"p:center bottom;\" data-no-retina>\n<!--\n\t\t\t\t\t\t\t--><rs-layer\n\t\t\t\t\t\t\t\tid=\"slider-4-slide-6-layer-0\" \n\t\t\t\t\t\t\t\tdata-type=\"shape\"\n\t\t\t\t\t\t\t\tdata-rsp_ch=\"on\"\n\t\t\t\t\t\t\t\tdata-text=\"w:normal;s:20,20,20,7;l:0,0,0,9;\"\n\t\t\t\t\t\t\t\tdata-dim=\"w:100%;h:100%;\"\n\t\t\t\t\t\t\t\tdata-basealign=\"slide\"\n\t\t\t\t\t\t\t\tdata-frame_999=\"o:0;st:w;\"\n\t\t\t\t\t\t\t\tstyle=\"z-index:6;background-color:rgba(0,0,0,0.56);\"\n\t\t\t\t\t\t\t> \n\t\t\t\t\t\t\t<\/rs-layer><!--\n\n\t\t\t\t\t\t\t--><rs-layer\n\t\t\t\t\t\t\t\tid=\"slider-4-slide-6-layer-1\" \n\t\t\t\t\t\t\t\tdata-type=\"text\"\n\t\t\t\t\t\t\t\tdata-rsp_ch=\"on\"\n\t\t\t\t\t\t\t\tdata-xy=\"x:c;y:m;yo:-111px,-111px,-111px,-73px;\"\n\t\t\t\t\t\t\t\tdata-text=\"w:normal;s:29,29,29,25;l:25,25,25,9;\"\n\t\t\t\t\t\t\t\tdata-frame_999=\"o:0;st:w;\"\n\t\t\t\t\t\t\t\tstyle=\"z-index:8;font-family:'Palatino Linotype', 'Book Antiqua', 'Palatino', 'serif';\"\n\t\t\t\t\t\t\t>Bienvenue \u00e0 Circus Maximus Home \n\t\t\t\t\t\t\t<\/rs-layer><!--\n\n\t\t\t\t\t\t\t--><rs-layer\n\t\t\t\t\t\t\t\tid=\"slider-4-slide-6-layer-2\" \n\t\t\t\t\t\t\t\tdata-type=\"text\"\n\t\t\t\t\t\t\t\tdata-rsp_ch=\"on\"\n\t\t\t\t\t\t\t\tdata-xy=\"x:c;y:m;yo:-38px,-38px,-38px,-10px;\"\n\t\t\t\t\t\t\t\tdata-text=\"w:normal;s:72,72,72,31;l:25,25,25,9;\"\n\t\t\t\t\t\t\t\tdata-frame_999=\"o:0;st:w;\"\n\t\t\t\t\t\t\t\tstyle=\"z-index:7;font-family:'Palatino Linotype', 'Book Antiqua', 'Palatino', 'serif';\"\n\t\t\t\t\t\t\t>R\u00e9duction maintenant \n\t\t\t\t\t\t\t<\/rs-layer><!--\n\n\t\t\t\t\t\t\t--><a\n\t\t\t\t\t\t\t\tid=\"slider-4-slide-6-layer-3\" \n\t\t\t\t\t\t\t\tclass=\"rs-layer rev-btn\"\n\t\t\t\t\t\t\t\thref=\"\/fr\/contacts\/\" target=\"_self\"\n\t\t\t\t\t\t\t\tdata-type=\"button\"\n\t\t\t\t\t\t\t\tdata-color=\"#0c0c0c\"\n\t\t\t\t\t\t\t\tdata-rsp_ch=\"on\"\n\t\t\t\t\t\t\t\tdata-xy=\"x:c;y:m;yo:47px,47px,47px,66px;\"\n\t\t\t\t\t\t\t\tdata-text=\"w:normal;s:20,20,20,18;l:38,38,38,35;fw:600;\"\n\t\t\t\t\t\t\t\tdata-dim=\"minh:0px,0px,0px,none;\"\n\t\t\t\t\t\t\t\tdata-padding=\"r:20,20,20,8;l:20,20,20,8;\"\n\t\t\t\t\t\t\t\tdata-border=\"bor:20px,20px,20px,20px;\"\n\t\t\t\t\t\t\t\tdata-frame_999=\"o:0;st:w;\"\n\t\t\t\t\t\t\t\tdata-frame_hover=\"c:#fff;bgc:#000;bor:20px,20px,20px,20px;\"\n\t\t\t\t\t\t\t\tstyle=\"z-index:9;background-color:#faf9f5;font-family:'Palatino Linotype', 'Book Antiqua', 'Palatino', 'serif';text-transform:uppercase;\"\n\t\t\t\t\t\t\t>Reserve maintenant! \n\t\t\t\t\t\t\t<\/a><!--\n-->\t\t\t\t\t\t<\/rs-slide>\n\t\t\t\t\t<\/rs-slides>\n\t\t\t\t\t<rs-static-layers><!--\n\t\t\t\t\t--><\/rs-static-layers>\n\t\t\t\t<\/rs-module>\n\t\t\t\t<script>\n\t\t\t\t\tsetREVStartSize({c: 'rev_slider_4_1',rl:[1240,1240,1240,480],el:[800,800,800,520],gw:[1240,1240,1240,480],gh:[800,800,800,520],type:'standard',justify:'',layout:'fullwidth',mh:\"0\"});if (window.RS_MODULES!==undefined && window.RS_MODULES.modules!==undefined && window.RS_MODULES.modules[\"revslider41\"]!==undefined) {window.RS_MODULES.modules[\"revslider41\"].once = false;window.revapi4 = undefined;if (window.RS_MODULES.checkMinimal!==undefined) window.RS_MODULES.checkMinimal()}\n\t\t\t\t<\/script>\n\t\t\t<\/rs-module-wrap>\n\t\t\t<!-- END REVOLUTION SLIDER -->\n[\/vc_column][\/vc_row][vc_row el_class=&#8221;.riga-prenotazioni&#8221; el_id=&#8221;prenota&#8221;][vc_column][vc_custom_heading text=&#8221;R\u00e9servez votre s\u00e9jour d\u00e8s maintenant!&#8221; font_container=&#8221;tag:h3|text_align:center&#8221; use_theme_fonts=&#8221;yes&#8221; css=&#8221;.vc_custom_1716206089952{margin-bottom: 10px !important;}&#8221;][vc_raw_html]JTNDYmVkZHktYmFyJTIwbGFuZyUzRCUyMml0JTIyJTIwd2lkZ2V0Y29kZSUzRCUyMmZhOWIxYjY4MDM1ZWYlMjIlMjBjaGFyc2V0JTNEJTIyVVRGLTglMjIlM0UlM0MlMkZiZWRkeS1iYXIlM0U=[\/vc_raw_html][\/vc_column][\/vc_row][vc_row css=&#8221;.vc_custom_1716208389919{padding-top: 40px !important;padding-bottom: 90px !important;}&#8221;][vc_column][vc_custom_heading text=&#8221;Circus Maximus Home au coeur de Rome&#8221; font_container=&#8221;tag:h2|text_align:center&#8221; use_theme_fonts=&#8221;yes&#8221;][vc_row_inner css=&#8221;.vc_custom_1675350138060{padding-top: 30px !important;}&#8221;][vc_column_inner width=&#8221;1\/2&#8243;][vc_custom_heading text=&#8221;A quelques pas des principales attractions de Rome&#8221; font_container=&#8221;tag:h3|text_align:left&#8221; use_theme_fonts=&#8221;yes&#8221;][vc_column_text]<\/p>\n<ul>\n<li>Cirque Maxime<\/li>\n<li>Colis\u00e9e<\/li>\n<li>La fontaine de Trevi<\/li>\n<li>Place de Venise<\/li>\n<li>Place d\u2019Espagne<\/li>\n<li>Via del Corso<\/li>\n<li>Forums imp\u00e9riaux<\/li>\n<li>Trastevere<\/li>\n<li>Basilique Saint-Pierre<\/li>\n<li>Place du Peuple<\/li>\n<li>Villa Borgh\u00e8se<\/li>\n<\/ul>\n<p><b>R\u00e9servez en ligne d\u00e8s maintenant via notre site officiel et b\u00e9ne\u00e9ficiez des meilleures offres pour votre s\u00e9jour!<\/b>[\/vc_column_text]<a  href=\"\/fr\/appartement\/\"  target=\"_self\"  title=\"\" class=\"tt_button tt_primary_button btn_primary_color  pull-left button-action-link\" ><span class=\"prim_text\">D\u00c9COUVREZ L'APPARTEMENT<\/span><\/a>[\/vc_column_inner][vc_column_inner width=&#8221;1\/2&#8243;][vc_gmaps link=&#8221;#E-8_JTNDaWZyYW1lJTIwc3JjJTNEJTIyaHR0cHMlM0ElMkYlMkZ3d3cuZ29vZ2xlLmNvbSUyRm1hcHMlMkZlbWJlZCUzRnBiJTNEJTIxMW0xNCUyMTFtOCUyMTFtMyUyMTFkMTE4ODIuMTQ5MTg5ODcwMTM5JTIxMmQxMi40ODU4MzQyJTIxM2Q0MS44ODEzMDA2JTIxM20yJTIxMWkxMDI0JTIxMmk3NjglMjE0ZjEzLjElMjEzbTMlMjExbTIlMjExczB4MTMyZjYxY2NlODkwNzE3NSUyNTNBMHg5ZDYxNjc5N2E3NzYwOWI4JTIxMnNCJTI1MjZCJTI1MjBDaXJjdXMlMjUyME1heGltdXMlMjE1ZTAlMjEzbTIlMjExc2l0JTIxMnNpdCUyMTR2MTY3NTQxMzA3ODExNyUyMTVtMiUyMTFzaXQlMjEyc2l0JTIyJTIwd2lkdGglM0QlMjIxMDAlMjUlMjIlMjBoZWlnaHQlM0QlMjI1NTAlMjIlMjBzdHlsZSUzRCUyMmJvcmRlciUzQTAlM0IlMjIlMjBhbGxvd2Z1bGxzY3JlZW4lM0QlMjIlMjIlMjBsb2FkaW5nJTNEJTIybGF6eSUyMiUyMHJlZmVycmVycG9saWN5JTNEJTIybm8tcmVmZXJyZXItd2hlbi1kb3duZ3JhZGUlMjIlM0UlM0MlMkZpZnJhbWUlM0U=&#8221;][\/vc_column_inner][\/vc_row_inner][\/vc_column][\/vc_row][vc_row][vc_column]<div class=\"templatera_shortcode\"><div data-vc-full-width=\"true\" data-vc-full-width-init=\"false\" class=\"vc_row wpb_row vc_row-fluid servizi vc_custom_1715007404221 vc_row-has-fill vc_row-has-padding-top vc_row-has-padding-bottom\"><div class=\"wpb_column vc_column_container vc_col-sm-2\"><div class=\"vc_column-inner\"><div class=\"wpb_wrapper\"><div class=\"key-icon-box icon-default icon-top cont-center ib-no-effect\" style=\"background-color: transparent;\" ><div class=\"tt-iconbox-customimg img_small_size\"><img loading=\"lazy\" decoding=\"async\" width=\"256\" height=\"256\" src=\"https:\/\/circusmaximushome.it\/wp-content\/uploads\/2023\/02\/wifi.png\" class=\"attachment-full\" alt=\"\" title=\"wifi\" srcset=\"https:\/\/circusmaximushome.it\/wp-content\/uploads\/2023\/02\/wifi.png 256w, https:\/\/circusmaximushome.it\/wp-content\/uploads\/2023\/02\/wifi-150x150.png 150w\" sizes=\"auto, (max-width: 256px) 100vw, 256px\" \/><\/div><h5 class=\"service-heading\" >Internet gratuit<\/h5><\/div><\/div><\/div><\/div><div class=\"wpb_column vc_column_container vc_col-sm-2\"><div class=\"vc_column-inner\"><div class=\"wpb_wrapper\"><div class=\"key-icon-box icon-default icon-top cont-center ib-no-effect\" style=\"background-color: transparent;\" ><div class=\"tt-iconbox-customimg img_small_size\"><img loading=\"lazy\" decoding=\"async\" width=\"256\" height=\"256\" src=\"https:\/\/circusmaximushome.it\/wp-content\/uploads\/2023\/02\/tv-monitor.png\" class=\"attachment-full\" alt=\"\" title=\"tv-monitor\" srcset=\"https:\/\/circusmaximushome.it\/wp-content\/uploads\/2023\/02\/tv-monitor.png 256w, https:\/\/circusmaximushome.it\/wp-content\/uploads\/2023\/02\/tv-monitor-150x150.png 150w\" sizes=\"auto, (max-width: 256px) 100vw, 256px\" \/><\/div><h5 class=\"service-heading\" >LCD<\/h5><\/div><\/div><\/div><\/div><div class=\"wpb_column vc_column_container vc_col-sm-2\"><div class=\"vc_column-inner\"><div class=\"wpb_wrapper\"><div class=\"key-icon-box icon-default icon-top cont-center ib-no-effect\" style=\"background-color: transparent;\" ><div class=\"tt-iconbox-customimg img_small_size\"><img loading=\"lazy\" decoding=\"async\" width=\"256\" height=\"256\" src=\"https:\/\/circusmaximushome.it\/wp-content\/uploads\/2023\/02\/towels.png\" class=\"attachment-full\" alt=\"\" title=\"towels\" srcset=\"https:\/\/circusmaximushome.it\/wp-content\/uploads\/2023\/02\/towels.png 256w, https:\/\/circusmaximushome.it\/wp-content\/uploads\/2023\/02\/towels-150x150.png 150w\" sizes=\"auto, (max-width: 256px) 100vw, 256px\" \/><\/div><h5 class=\"service-heading\" >Linge et serviettes<\/h5><\/div><\/div><\/div><\/div><div class=\"wpb_column vc_column_container vc_col-sm-2\"><div class=\"vc_column-inner\"><div class=\"wpb_wrapper\"><div class=\"key-icon-box icon-default icon-top cont-center ib-no-effect\" style=\"background-color: transparent;\" ><div class=\"tt-iconbox-customimg img_small_size\"><img loading=\"lazy\" decoding=\"async\" width=\"256\" height=\"256\" src=\"https:\/\/circusmaximushome.it\/wp-content\/uploads\/2023\/02\/hairdryer.png\" class=\"attachment-full\" alt=\"\" title=\"hairdryer\" srcset=\"https:\/\/circusmaximushome.it\/wp-content\/uploads\/2023\/02\/hairdryer.png 256w, https:\/\/circusmaximushome.it\/wp-content\/uploads\/2023\/02\/hairdryer-150x150.png 150w\" sizes=\"auto, (max-width: 256px) 100vw, 256px\" \/><\/div><h5 class=\"service-heading\" >S\u00e8che-cheveux<\/h5><\/div><\/div><\/div><\/div><div class=\"wpb_column vc_column_container vc_col-sm-2\"><div class=\"vc_column-inner\"><div class=\"wpb_wrapper\"><div class=\"key-icon-box icon-default icon-top cont-center ib-no-effect\" style=\"background-color: transparent;\" ><div class=\"tt-iconbox-customimg img_small_size\"><img loading=\"lazy\" decoding=\"async\" width=\"256\" height=\"256\" src=\"https:\/\/circusmaximushome.it\/wp-content\/uploads\/2024\/05\/terrace.png\" class=\"attachment-full\" alt=\"\" title=\"terrace\" srcset=\"https:\/\/circusmaximushome.it\/wp-content\/uploads\/2024\/05\/terrace.png 256w, https:\/\/circusmaximushome.it\/wp-content\/uploads\/2024\/05\/terrace-150x150.png 150w\" sizes=\"auto, (max-width: 256px) 100vw, 256px\" \/><\/div><h5 class=\"service-heading\" >Terrasse<\/h5><\/div><\/div><\/div><\/div><div class=\"wpb_column vc_column_container vc_col-sm-2\"><div class=\"vc_column-inner\"><div class=\"wpb_wrapper\"><div class=\"key-icon-box icon-default icon-top cont-center ib-no-effect\" style=\"background-color: transparent;\" ><div class=\"tt-iconbox-customimg img_small_size\"><img loading=\"lazy\" decoding=\"async\" width=\"256\" height=\"256\" src=\"https:\/\/circusmaximushome.it\/wp-content\/uploads\/2023\/02\/air-conditioner.png\" class=\"attachment-full\" alt=\"\" title=\"air-conditioner\" srcset=\"https:\/\/circusmaximushome.it\/wp-content\/uploads\/2023\/02\/air-conditioner.png 256w, https:\/\/circusmaximushome.it\/wp-content\/uploads\/2023\/02\/air-conditioner-150x150.png 150w\" sizes=\"auto, (max-width: 256px) 100vw, 256px\" \/><\/div><h5 class=\"service-heading\" >Climatisation<\/h5><\/div><\/div><\/div><\/div><\/div><div class=\"vc_row-full-width vc_clearfix\"><\/div><div data-vc-full-width=\"true\" data-vc-full-width-init=\"false\" class=\"vc_row wpb_row vc_row-fluid servizi vc_custom_1715007539276 vc_row-has-fill vc_row-has-padding-top vc_row-has-padding-bottom\"><div class=\"wpb_column vc_column_container vc_col-sm-2\"><div class=\"vc_column-inner\"><div class=\"wpb_wrapper\"><div class=\"key-icon-box icon-default icon-top cont-center ib-no-effect\" style=\"background-color: transparent;\" ><div class=\"tt-iconbox-customimg img_small_size\"><img loading=\"lazy\" decoding=\"async\" width=\"256\" height=\"256\" src=\"https:\/\/circusmaximushome.it\/wp-content\/uploads\/2024\/05\/laundry-machine.png\" class=\"attachment-full\" alt=\"\" title=\"laundry-machine\" srcset=\"https:\/\/circusmaximushome.it\/wp-content\/uploads\/2024\/05\/laundry-machine.png 256w, https:\/\/circusmaximushome.it\/wp-content\/uploads\/2024\/05\/laundry-machine-150x150.png 150w\" sizes=\"auto, (max-width: 256px) 100vw, 256px\" \/><\/div><h5 class=\"service-heading\" >Machine \u00e0 laver<\/h5><\/div><\/div><\/div><\/div><div class=\"wpb_column vc_column_container vc_col-sm-2\"><div class=\"vc_column-inner\"><div class=\"wpb_wrapper\"><div class=\"key-icon-box icon-default icon-top cont-center ib-no-effect\" style=\"background-color: transparent;\" ><div class=\"tt-iconbox-customimg img_small_size\"><img loading=\"lazy\" decoding=\"async\" width=\"256\" height=\"256\" src=\"https:\/\/circusmaximushome.it\/wp-content\/uploads\/2024\/05\/refrigerator.png\" class=\"attachment-full\" alt=\"\" title=\"refrigerator\" srcset=\"https:\/\/circusmaximushome.it\/wp-content\/uploads\/2024\/05\/refrigerator.png 256w, https:\/\/circusmaximushome.it\/wp-content\/uploads\/2024\/05\/refrigerator-150x150.png 150w\" sizes=\"auto, (max-width: 256px) 100vw, 256px\" \/><\/div><h5 class=\"service-heading\" >R\u00e9frig\u00e9rateur<\/h5><\/div><\/div><\/div><\/div><div class=\"wpb_column vc_column_container vc_col-sm-2\"><div class=\"vc_column-inner\"><div class=\"wpb_wrapper\"><div class=\"key-icon-box icon-default icon-top cont-center ib-no-effect\" style=\"background-color: transparent;\" ><div class=\"tt-iconbox-customimg img_small_size\"><img loading=\"lazy\" decoding=\"async\" width=\"256\" height=\"256\" src=\"https:\/\/circusmaximushome.it\/wp-content\/uploads\/2024\/05\/kitchen-set.png\" class=\"attachment-full\" alt=\"\" title=\"kitchen-set\" srcset=\"https:\/\/circusmaximushome.it\/wp-content\/uploads\/2024\/05\/kitchen-set.png 256w, https:\/\/circusmaximushome.it\/wp-content\/uploads\/2024\/05\/kitchen-set-150x150.png 150w\" sizes=\"auto, (max-width: 256px) 100vw, 256px\" \/><\/div><h5 class=\"service-heading\" >Cuisine<\/h5><\/div><\/div><\/div><\/div><div class=\"wpb_column vc_column_container vc_col-sm-2\"><div class=\"vc_column-inner\"><div class=\"wpb_wrapper\"><div class=\"key-icon-box icon-default icon-top cont-center ib-no-effect\" style=\"background-color: transparent;\" ><div class=\"tt-iconbox-customimg img_small_size\"><img loading=\"lazy\" decoding=\"async\" width=\"256\" height=\"256\" src=\"https:\/\/circusmaximushome.it\/wp-content\/uploads\/2024\/05\/microwave.png\" class=\"attachment-full\" alt=\"\" title=\"microwave\" srcset=\"https:\/\/circusmaximushome.it\/wp-content\/uploads\/2024\/05\/microwave.png 256w, https:\/\/circusmaximushome.it\/wp-content\/uploads\/2024\/05\/microwave-150x150.png 150w\" sizes=\"auto, (max-width: 256px) 100vw, 256px\" \/><\/div><h5 class=\"service-heading\" >Four micro-onde<\/h5><\/div><\/div><\/div><\/div><div class=\"wpb_column vc_column_container vc_col-sm-2\"><div class=\"vc_column-inner\"><div class=\"wpb_wrapper\"><div class=\"key-icon-box icon-default icon-top cont-center ib-no-effect\" style=\"background-color: transparent;\" ><div class=\"tt-iconbox-customimg img_small_size\"><img loading=\"lazy\" decoding=\"async\" width=\"256\" height=\"256\" src=\"https:\/\/circusmaximushome.it\/wp-content\/uploads\/2024\/05\/coffee-machine.png\" class=\"attachment-full\" alt=\"\" title=\"coffee-machine\" srcset=\"https:\/\/circusmaximushome.it\/wp-content\/uploads\/2024\/05\/coffee-machine.png 256w, https:\/\/circusmaximushome.it\/wp-content\/uploads\/2024\/05\/coffee-machine-150x150.png 150w\" sizes=\"auto, (max-width: 256px) 100vw, 256px\" \/><\/div><h5 class=\"service-heading\" >Cafeti\u00e8re<\/h5><\/div><\/div><\/div><\/div><div class=\"wpb_column vc_column_container vc_col-sm-2\"><div class=\"vc_column-inner\"><div class=\"wpb_wrapper\"><div class=\"key-icon-box icon-default icon-top cont-center ib-no-effect\" style=\"background-color: transparent;\" ><div class=\"tt-iconbox-customimg img_small_size\"><img loading=\"lazy\" decoding=\"async\" width=\"256\" height=\"256\" src=\"https:\/\/circusmaximushome.it\/wp-content\/uploads\/2024\/05\/kettle.png\" class=\"attachment-full\" alt=\"\" title=\"kettle\" srcset=\"https:\/\/circusmaximushome.it\/wp-content\/uploads\/2024\/05\/kettle.png 256w, https:\/\/circusmaximushome.it\/wp-content\/uploads\/2024\/05\/kettle-150x150.png 150w\" sizes=\"auto, (max-width: 256px) 100vw, 256px\" \/><\/div><h5 class=\"service-heading\" >Bouilloire<\/h5><\/div><\/div><\/div><\/div><\/div><div class=\"vc_row-full-width vc_clearfix\"><\/div><\/div>[\/vc_column][\/vc_row][vc_row][vc_column]<div class=\"templatera_shortcode\"><div data-vc-full-width=\"true\" data-vc-full-width-init=\"false\" class=\"vc_row wpb_row vc_row-fluid vc_custom_1676723204251 vc_row-has-fill vc_row-has-padding-top vc_row-has-padding-bottom\"><div class=\"kd-overlay\"  style=\"background-color:rgba(0,0,0,0.47);\"><\/div><div class=\"wpb_column vc_column_container vc_col-sm-12\"><div class=\"vc_column-inner\"><div class=\"wpb_wrapper\"><h3 style=\"color: #ffffff;text-align: center\" class=\"vc_custom_heading\" >Circus Maximus Home<\/h3><h2 style=\"color: #ffffff;text-align: center\" class=\"vc_custom_heading\" >R\u00e9servez maintenant et obtenez votre r\u00e9duction<\/h2><a  href=\"\/fr\/contacts\/\"  target=\"_self\"  title=\"\" class=\"tt_button tt_primary_button btn_primary_color  button-center button-action-link\" ><span class=\"prim_text\">RESERVE MAINTENANT<\/span><\/a><\/div><\/div><\/div><\/div><div class=\"vc_row-full-width vc_clearfix\"><\/div><\/div>[\/vc_column][\/vc_row]<\/p>\n<\/section>","protected":false},"excerpt":{"rendered":"Bienvenue \u00e0 Circus Maximus Home R\u00e9duction maintenant Reserve maintenant! R\u00e9servez votre s\u00e9jour d\u00e8s maintenant! Circus Maximus Home au coeur de [...]","protected":false},"author":1,"featured_media":0,"parent":0,"menu_order":0,"comment_status":"closed","ping_status":"closed","template":"","meta":{"footnotes":""},"class_list":["post-319","page","type-page","status-publish","hentry"],"yoast_head":"<!-- This site is optimized with the Yoast SEO plugin v26.9 - https:\/\/yoast.com\/product\/yoast-seo-wordpress\/ -->\n<title>Home - Circus Maximus Home<\/title>\n<meta name=\"robots\" content=\"index, follow, max-snippet:-1, max-image-preview:large, max-video-preview:-1\" \/>\n<link rel=\"canonical\" href=\"https:\/\/circusmaximushome.it\/fr\/\" \/>\n<meta property=\"og:locale\" content=\"fr_FR\" \/>\n<meta property=\"og:type\" content=\"article\" \/>\n<meta property=\"og:title\" content=\"Home - Circus Maximus Home\" \/>\n<meta property=\"og:url\" content=\"https:\/\/circusmaximushome.it\/fr\/\" \/>\n<meta property=\"og:site_name\" content=\"Circus Maximus Home\" \/>\n<meta property=\"article:modified_time\" content=\"2024-05-30T11:42:54+00:00\" \/>\n<meta name=\"twitter:card\" content=\"summary_large_image\" \/>\n<meta name=\"twitter:label1\" content=\"Dur\u00e9e de lecture estim\u00e9e\" \/>\n\t<meta name=\"twitter:data1\" content=\"1 minute\" \/>\n<script type=\"application\/ld+json\" class=\"yoast-schema-graph\">{\"@context\":\"https:\/\/schema.org\",\"@graph\":[{\"@type\":\"WebPage\",\"@id\":\"https:\/\/circusmaximushome.it\/fr\/\",\"url\":\"https:\/\/circusmaximushome.it\/fr\/\",\"name\":\"Home - Circus Maximus Home\",\"isPartOf\":{\"@id\":\"https:\/\/circusmaximushome.it\/#website\"},\"datePublished\":\"2023-02-02T09:53:52+00:00\",\"dateModified\":\"2024-05-30T11:42:54+00:00\",\"breadcrumb\":{\"@id\":\"https:\/\/circusmaximushome.it\/fr\/#breadcrumb\"},\"inLanguage\":\"fr-FR\",\"potentialAction\":[{\"@type\":\"ReadAction\",\"target\":[\"https:\/\/circusmaximushome.it\/fr\/\"]}]},{\"@type\":\"BreadcrumbList\",\"@id\":\"https:\/\/circusmaximushome.it\/fr\/#breadcrumb\",\"itemListElement\":[{\"@type\":\"ListItem\",\"position\":1,\"name\":\"Home\",\"item\":\"https:\/\/circusmaximushome.it\/fr\/\"},{\"@type\":\"ListItem\",\"position\":2,\"name\":\"Home\"}]},{\"@type\":\"WebSite\",\"@id\":\"https:\/\/circusmaximushome.it\/#website\",\"url\":\"https:\/\/circusmaximushome.it\/\",\"name\":\"Circus Maximus Home\",\"description\":\"Nel cuore di Roma\",\"potentialAction\":[{\"@type\":\"SearchAction\",\"target\":{\"@type\":\"EntryPoint\",\"urlTemplate\":\"https:\/\/circusmaximushome.it\/?s={search_term_string}\"},\"query-input\":{\"@type\":\"PropertyValueSpecification\",\"valueRequired\":true,\"valueName\":\"search_term_string\"}}],\"inLanguage\":\"fr-FR\"}]}<\/script>\n<!-- \/ Yoast SEO plugin. -->","yoast_head_json":{"title":"Home - Circus Maximus Home","robots":{"index":"index","follow":"follow","max-snippet":"max-snippet:-1","max-image-preview":"max-image-preview:large","max-video-preview":"max-video-preview:-1"},"canonical":"https:\/\/circusmaximushome.it\/fr\/","og_locale":"fr_FR","og_type":"article","og_title":"Home - Circus Maximus Home","og_url":"https:\/\/circusmaximushome.it\/fr\/","og_site_name":"Circus Maximus Home","article_modified_time":"2024-05-30T11:42:54+00:00","twitter_card":"summary_large_image","twitter_misc":{"Dur\u00e9e de lecture estim\u00e9e":"1 minute"},"schema":{"@context":"https:\/\/schema.org","@graph":[{"@type":"WebPage","@id":"https:\/\/circusmaximushome.it\/fr\/","url":"https:\/\/circusmaximushome.it\/fr\/","name":"Home - Circus Maximus Home","isPartOf":{"@id":"https:\/\/circusmaximushome.it\/#website"},"datePublished":"2023-02-02T09:53:52+00:00","dateModified":"2024-05-30T11:42:54+00:00","breadcrumb":{"@id":"https:\/\/circusmaximushome.it\/fr\/#breadcrumb"},"inLanguage":"fr-FR","potentialAction":[{"@type":"ReadAction","target":["https:\/\/circusmaximushome.it\/fr\/"]}]},{"@type":"BreadcrumbList","@id":"https:\/\/circusmaximushome.it\/fr\/#breadcrumb","itemListElement":[{"@type":"ListItem","position":1,"name":"Home","item":"https:\/\/circusmaximushome.it\/fr\/"},{"@type":"ListItem","position":2,"name":"Home"}]},{"@type":"WebSite","@id":"https:\/\/circusmaximushome.it\/#website","url":"https:\/\/circusmaximushome.it\/","name":"Circus Maximus Home","description":"Nel cuore di Roma","potentialAction":[{"@type":"SearchAction","target":{"@type":"EntryPoint","urlTemplate":"https:\/\/circusmaximushome.it\/?s={search_term_string}"},"query-input":{"@type":"PropertyValueSpecification","valueRequired":true,"valueName":"search_term_string"}}],"inLanguage":"fr-FR"}]}},"_links":{"self":[{"href":"https:\/\/circusmaximushome.it\/fr\/wp-json\/wp\/v2\/pages\/319","targetHints":{"allow":["GET"]}}],"collection":[{"href":"https:\/\/circusmaximushome.it\/fr\/wp-json\/wp\/v2\/pages"}],"about":[{"href":"https:\/\/circusmaximushome.it\/fr\/wp-json\/wp\/v2\/types\/page"}],"author":[{"embeddable":true,"href":"https:\/\/circusmaximushome.it\/fr\/wp-json\/wp\/v2\/users\/1"}],"replies":[{"embeddable":true,"href":"https:\/\/circusmaximushome.it\/fr\/wp-json\/wp\/v2\/comments?post=319"}],"version-history":[{"count":12,"href":"https:\/\/circusmaximushome.it\/fr\/wp-json\/wp\/v2\/pages\/319\/revisions"}],"predecessor-version":[{"id":836,"href":"https:\/\/circusmaximushome.it\/fr\/wp-json\/wp\/v2\/pages\/319\/revisions\/836"}],"wp:attachment":[{"href":"https:\/\/circusmaximushome.it\/fr\/wp-json\/wp\/v2\/media?parent=319"}],"curies":[{"name":"wp","href":"https:\/\/api.w.org\/{rel}","templated":true}]}}