{"id":335,"date":"2023-02-03T08:46:27","date_gmt":"2023-02-03T08:46:27","guid":{"rendered":"https:\/\/circusmaximushome.it\/\/faq\/"},"modified":"2024-05-20T12:16:38","modified_gmt":"2024-05-20T12:16:38","slug":"faq","status":"publish","type":"page","link":"https:\/\/circusmaximushome.it\/fr\/faq\/","title":{"rendered":"FAQ"},"content":{"rendered":"<section class=\"wpb-content-wrapper\"><p>[vc_row full_width=&#8221;stretch_row&#8221; css=&#8221;.vc_custom_1675416650253{padding-top: 20px !important;padding-bottom: 70px !important;}&#8221; el_class=&#8221;.bg-roma&#8221;][vc_column][vc_row_inner css=&#8221;.vc_custom_1675350138060{padding-top: 30px !important;}&#8221;][vc_column_inner][vc_custom_heading text=&#8221;Ci-dessous, vous trouverez des informations utiles sur Circus Maximus Home : modes de paiement, arriv\u00e9e, heures de d\u00e9part, etc. Lisez attentivement les informations et n&#8217;h\u00e9sitez pas \u00e0 nous contacter si vous avez des questions.&#8221; font_container=&#8221;tag:h3|text_align:left&#8221; use_theme_fonts=&#8221;yes&#8221;][vc_column_text]<strong>Tous vos imp\u00f4ts sont-ils constitu\u00e9s d&#8217;imp\u00f4ts\u00a0?<\/strong><br \/>\nNon, il y a une taxe de s\u00e9jour de 6 euros par personne et par nuit (hors enfants \u00e2g\u00e9s de 10 ans et plus) qui doit \u00eatre pay\u00e9e \u00e0 l&#8217;arriv\u00e9e.<\/p>\n<p><strong>Est-ce la m\u00eame chose pour une chambre ou une personne ?<\/strong><br \/>\nLe tarif est toujours par chambre. Veuillez vous assurer de choisir le bon type de chambre.<\/p>\n<p><strong>Le petit d\u00e9jeuner du petit est-il inclus dans le tarif ?<\/strong><br \/>\nNous proposons \u00e0 nos clients un kit petit-d\u00e9jeuner contenant des biscuits, des jus de fruits, de l&#8217;eau et des doses de caf\u00e9\/th\u00e9.<\/p>\n<p><strong>\u00c0 partir de ces heures, puis-je disposer de la chambre et \u00e0 ces heures, puis-je la lib\u00e9rer ?<\/strong><br \/>\nDe plus, vous pouvez vous inscrire \u00e0 tout moment afin que nous puissions vous aider \u00e0 conna\u00eetre votre heure avant votre arriv\u00e9e. La salle est disponible \u00e0 partir de 12h. De plus, vous pouvez vous inscrire \u00e0 tout moment afin que nous puissions vous aider \u00e0 conna\u00eetre votre heure avant votre arriv\u00e9e. L&#8217;inscription apr\u00e8s 21h co\u00fbte 20 \u20ac. Si vous \u00eates un client italien, vous pouvez pr\u00e9senter un passeport ou une carte d&#8217;identit\u00e9 pour vous enregistrer. La chambre est libre avant 10h30.<\/p>\n<p><strong>A ce moment-l\u00e0, la r\u00e9gulation de ma journ\u00e9e est-elle en vigueur ?<\/strong><br \/>\nLes r\u00e8gles prendront effet \u00e0 votre arriv\u00e9e.<\/p>\n<p><strong>Puis-je payer avec des cartes de cr\u00e9dit ?<\/strong><br \/>\nOui, Visa et MasterCard sont accept\u00e9es.<\/p>\n<p><strong>La salle de bains est-elle \u00e9quip\u00e9e d&#8217;une salle de bains ou d&#8217;une douche, ou de deux\u00a0?<\/strong><br \/>\nLes \u00e9tag\u00e8res de la salle de bain sont \u00e9quip\u00e9es d&#8217;une douche.<\/p>\n<p><strong>La r\u00e9ception est-elle ouverte 24h\/24 ?<\/strong><br \/>\nNon, mais vous recevrez une cl\u00e9 de la porte principale, afin que vous puissiez l&#8217;ouvrir et venir comme vous le souhaitez. De plus, vous pouvez v\u00e9rifier \u00e0 tout moment si vous souhaitez conna\u00eetre votre heure d&#8217;arriv\u00e9e estim\u00e9e et, \u00e9ventuellement, les d\u00e9tails de votre vol et un num\u00e9ro de t\u00e9l\u00e9phone portable. A votre arriv\u00e9e, vous recevrez notre num\u00e9ro d&#8217;urgence pour nous contacter, si vous devez nous joindre en dehors des horaires de r\u00e9ception.<\/p>\n<p><strong>Ces longs mots sont-ils prononc\u00e9s \u00e0 la r\u00e9ception ?<\/strong><br \/>\nItalien, anglais et fran\u00e7ais.<\/p>\n<p><strong>A cet \u00e2ge-l\u00e0, vous trouverez le B&amp;B Circus Maximus, combin\u00e9 avec un h\u00e9bergement \u00e0 l&#8217;h\u00f4tel et un ascenseur ?<\/strong><br \/>\nLe B&amp;B Circus Maximus est situ\u00e9 au premier \u00e9tage (avec ascenseur) et occupe un \u00e9tage total.<\/p>\n<p><strong>Est-ce que l&#8217;h\u00f4tel dispose d&#8217;un service dans les chambres ? Oui, \u00e0 ce moment-l\u00e0 est-il disponible ?<\/strong><br \/>\nOui, sur demande de 8h00 \u00e0 10h00.<\/p>\n<p><strong>Les enfants s\u00e9journent gratuitement ?<\/strong><br \/>\nLes petits enfants (jusqu&#8217;\u00e0 3 ans) peuvent voyager gratuitement.<\/p>\n<p><strong>L&#8217;h\u00f4tel est-il \u00e9quip\u00e9 d&#8217;un b\u00e9b\u00e9 ? Si oui, est-ce gratuit ?<\/strong><br \/>\nVoici un journal suppl\u00e9mentaire de 20 euros.<\/p>\n<p><strong>Ce sont les frais pour la climatisation ? Est-le saisonnier ?<\/strong><br \/>\nLa climatisation est incluse dans le tarif de la chambre et est disponible chaque ann\u00e9e.<\/p>\n<p><strong>Les animaux domestiques sont-ils accept\u00e9s ?<\/strong><br \/>\nVoici un journal suppl\u00e9mentaire de 20 euros.<\/p>\n<p><strong>Un parking est-il disponible au sein de l&#8217;\u00e9tablissement et, si oui, le r\u00e9servez-vous avant votre arriv\u00e9e ?<\/strong><br \/>\nNe disposez jamais de parking \u00e0 proximit\u00e9.<\/p>\n<p><strong>Combien co\u00fbte le stationnement ?<\/strong><br \/>\nTarif \u00e0 partir de 4 euros (environ 8 heures).<\/p>\n<p><strong>Quel est le plus grand a\u00e9roport ?<\/strong><br \/>\nCiampino (CIA): 16 kilom\u00e8tres. Fiumicino (FCO) : 24 kilom\u00e8tres.<\/p>\n<p><strong>Comment acc\u00e9der \u00e0 l\u2019h\u00f4tel en transports en commun ?<\/strong><br \/>\nM\u00e9tro : Circo Massimo &#8211; 50 m\u00e8tres.<\/p>\n<p><strong>Une salle de r\u00e9union est-elle disponible ?<\/strong><br \/>\nNon, nous n&#8217;avons pas de salles de conf\u00e9rence\/r\u00e9union.[\/vc_column_text][\/vc_column_inner][\/vc_row_inner][\/vc_column][\/vc_row][vc_row][vc_column]<div class=\"templatera_shortcode\"><div data-vc-full-width=\"true\" data-vc-full-width-init=\"false\" class=\"vc_row wpb_row vc_row-fluid vc_custom_1676723204251 vc_row-has-fill vc_row-has-padding-top vc_row-has-padding-bottom\"><div class=\"kd-overlay\"  style=\"background-color:rgba(0,0,0,0.47);\"><\/div><div class=\"wpb_column vc_column_container vc_col-sm-12\"><div class=\"vc_column-inner\"><div class=\"wpb_wrapper\"><h3 style=\"color: #ffffff;text-align: center\" class=\"vc_custom_heading\" >Circus Maximus Home<\/h3><h2 style=\"color: #ffffff;text-align: center\" class=\"vc_custom_heading\" >R\u00e9servez maintenant et obtenez votre r\u00e9duction<\/h2><a  href=\"\/fr\/contacts\/\"  target=\"_self\"  title=\"\" class=\"tt_button tt_primary_button btn_primary_color  button-center button-action-link\" ><span class=\"prim_text\">RESERVE MAINTENANT<\/span><\/a><\/div><\/div><\/div><\/div><div class=\"vc_row-full-width vc_clearfix\"><\/div><\/div>[\/vc_column][\/vc_row]<\/p>\n<\/section>","protected":false},"excerpt":{"rendered":"Ci-dessous, vous trouverez des informations utiles sur Circus Maximus Home : modes de paiement, arriv\u00e9e, heures de d\u00e9part, etc. Lisez [...]","protected":false},"author":1,"featured_media":0,"parent":0,"menu_order":0,"comment_status":"closed","ping_status":"closed","template":"","meta":{"footnotes":""},"class_list":["post-335","page","type-page","status-publish","hentry"],"yoast_head":"<!-- This site is optimized with the Yoast SEO plugin v26.9 - https:\/\/yoast.com\/product\/yoast-seo-wordpress\/ -->\n<title>FAQ - Circus Maximus Home<\/title>\n<meta name=\"robots\" content=\"index, follow, max-snippet:-1, max-image-preview:large, max-video-preview:-1\" \/>\n<link rel=\"canonical\" href=\"https:\/\/circusmaximushome.it\/fr\/faq\/\" \/>\n<meta property=\"og:locale\" content=\"fr_FR\" \/>\n<meta property=\"og:type\" content=\"article\" \/>\n<meta property=\"og:title\" content=\"FAQ - Circus Maximus Home\" \/>\n<meta property=\"og:url\" content=\"https:\/\/circusmaximushome.it\/fr\/faq\/\" \/>\n<meta property=\"og:site_name\" content=\"Circus Maximus Home\" \/>\n<meta property=\"article:modified_time\" content=\"2024-05-20T12:16:38+00:00\" \/>\n<meta name=\"twitter:card\" content=\"summary_large_image\" \/>\n<meta name=\"twitter:label1\" content=\"Dur\u00e9e de lecture estim\u00e9e\" \/>\n\t<meta name=\"twitter:data1\" content=\"4 minutes\" \/>\n<script type=\"application\/ld+json\" class=\"yoast-schema-graph\">{\"@context\":\"https:\/\/schema.org\",\"@graph\":[{\"@type\":\"WebPage\",\"@id\":\"https:\/\/circusmaximushome.it\/fr\/faq\/\",\"url\":\"https:\/\/circusmaximushome.it\/fr\/faq\/\",\"name\":\"FAQ - Circus Maximus Home\",\"isPartOf\":{\"@id\":\"https:\/\/circusmaximushome.it\/#website\"},\"datePublished\":\"2023-02-03T08:46:27+00:00\",\"dateModified\":\"2024-05-20T12:16:38+00:00\",\"breadcrumb\":{\"@id\":\"https:\/\/circusmaximushome.it\/fr\/faq\/#breadcrumb\"},\"inLanguage\":\"fr-FR\",\"potentialAction\":[{\"@type\":\"ReadAction\",\"target\":[\"https:\/\/circusmaximushome.it\/fr\/faq\/\"]}]},{\"@type\":\"BreadcrumbList\",\"@id\":\"https:\/\/circusmaximushome.it\/fr\/faq\/#breadcrumb\",\"itemListElement\":[{\"@type\":\"ListItem\",\"position\":1,\"name\":\"Home\",\"item\":\"https:\/\/circusmaximushome.it\/fr\/\"},{\"@type\":\"ListItem\",\"position\":2,\"name\":\"FAQ\"}]},{\"@type\":\"WebSite\",\"@id\":\"https:\/\/circusmaximushome.it\/#website\",\"url\":\"https:\/\/circusmaximushome.it\/\",\"name\":\"Circus Maximus Home\",\"description\":\"Nel cuore di Roma\",\"potentialAction\":[{\"@type\":\"SearchAction\",\"target\":{\"@type\":\"EntryPoint\",\"urlTemplate\":\"https:\/\/circusmaximushome.it\/?s={search_term_string}\"},\"query-input\":{\"@type\":\"PropertyValueSpecification\",\"valueRequired\":true,\"valueName\":\"search_term_string\"}}],\"inLanguage\":\"fr-FR\"}]}<\/script>\n<!-- \/ Yoast SEO plugin. -->","yoast_head_json":{"title":"FAQ - Circus Maximus Home","robots":{"index":"index","follow":"follow","max-snippet":"max-snippet:-1","max-image-preview":"max-image-preview:large","max-video-preview":"max-video-preview:-1"},"canonical":"https:\/\/circusmaximushome.it\/fr\/faq\/","og_locale":"fr_FR","og_type":"article","og_title":"FAQ - Circus Maximus Home","og_url":"https:\/\/circusmaximushome.it\/fr\/faq\/","og_site_name":"Circus Maximus Home","article_modified_time":"2024-05-20T12:16:38+00:00","twitter_card":"summary_large_image","twitter_misc":{"Dur\u00e9e de lecture estim\u00e9e":"4 minutes"},"schema":{"@context":"https:\/\/schema.org","@graph":[{"@type":"WebPage","@id":"https:\/\/circusmaximushome.it\/fr\/faq\/","url":"https:\/\/circusmaximushome.it\/fr\/faq\/","name":"FAQ - Circus Maximus Home","isPartOf":{"@id":"https:\/\/circusmaximushome.it\/#website"},"datePublished":"2023-02-03T08:46:27+00:00","dateModified":"2024-05-20T12:16:38+00:00","breadcrumb":{"@id":"https:\/\/circusmaximushome.it\/fr\/faq\/#breadcrumb"},"inLanguage":"fr-FR","potentialAction":[{"@type":"ReadAction","target":["https:\/\/circusmaximushome.it\/fr\/faq\/"]}]},{"@type":"BreadcrumbList","@id":"https:\/\/circusmaximushome.it\/fr\/faq\/#breadcrumb","itemListElement":[{"@type":"ListItem","position":1,"name":"Home","item":"https:\/\/circusmaximushome.it\/fr\/"},{"@type":"ListItem","position":2,"name":"FAQ"}]},{"@type":"WebSite","@id":"https:\/\/circusmaximushome.it\/#website","url":"https:\/\/circusmaximushome.it\/","name":"Circus Maximus Home","description":"Nel cuore di Roma","potentialAction":[{"@type":"SearchAction","target":{"@type":"EntryPoint","urlTemplate":"https:\/\/circusmaximushome.it\/?s={search_term_string}"},"query-input":{"@type":"PropertyValueSpecification","valueRequired":true,"valueName":"search_term_string"}}],"inLanguage":"fr-FR"}]}},"_links":{"self":[{"href":"https:\/\/circusmaximushome.it\/fr\/wp-json\/wp\/v2\/pages\/335","targetHints":{"allow":["GET"]}}],"collection":[{"href":"https:\/\/circusmaximushome.it\/fr\/wp-json\/wp\/v2\/pages"}],"about":[{"href":"https:\/\/circusmaximushome.it\/fr\/wp-json\/wp\/v2\/types\/page"}],"author":[{"embeddable":true,"href":"https:\/\/circusmaximushome.it\/fr\/wp-json\/wp\/v2\/users\/1"}],"replies":[{"embeddable":true,"href":"https:\/\/circusmaximushome.it\/fr\/wp-json\/wp\/v2\/comments?post=335"}],"version-history":[{"count":8,"href":"https:\/\/circusmaximushome.it\/fr\/wp-json\/wp\/v2\/pages\/335\/revisions"}],"predecessor-version":[{"id":826,"href":"https:\/\/circusmaximushome.it\/fr\/wp-json\/wp\/v2\/pages\/335\/revisions\/826"}],"wp:attachment":[{"href":"https:\/\/circusmaximushome.it\/fr\/wp-json\/wp\/v2\/media?parent=335"}],"curies":[{"name":"wp","href":"https:\/\/api.w.org\/{rel}","templated":true}]}}